{"id":52,"date":"2019-04-03T14:12:29","date_gmt":"2019-04-03T12:12:29","guid":{"rendered":"http:\/\/michael-bach-bachtischa.de\/sound\/?page_id=52"},"modified":"2019-04-03T15:33:34","modified_gmt":"2019-04-03T13:33:34","slug":"grundlagen-der-saiteninstallation","status":"publish","type":"page","link":"http:\/\/michael-bach-bachtischa.de\/sound\/grundlagen-der-saiteninstallation\/","title":{"rendered":"Grundlagen der Saiteninstallation"},"content":{"rendered":"<p><img loading=\"lazy\" decoding=\"async\" class=\"alignnone size-medium wp-image-90\" src=\"http:\/\/michael-bach-bachtischa.de\/sound\/wp-content\/uploads\/2019\/04\/RH-MBB-300x295.jpg\" alt=\"\" width=\"300\" height=\"295\" srcset=\"http:\/\/michael-bach-bachtischa.de\/sound\/wp-content\/uploads\/2019\/04\/RH-MBB-300x295.jpg 300w, http:\/\/michael-bach-bachtischa.de\/sound\/wp-content\/uploads\/2019\/04\/RH-MBB.jpg 378w\" sizes=\"auto, (max-width: 300px) 100vw, 300px\" \/><br \/>\n<span style=\"font-size: 12px;\"><sup><span style=\"font-family: arial, helvetica, sans-serif;\">Foto: Burgfeld<\/span><\/sup><\/span><\/p>\n<p><span style=\"font-family: arial, helvetica, sans-serif; font-size: 16px;\"><span class=\"fs24 ff1 cf0\">Saiteninstallationen in dieser Gr\u00f6\u00dfenordnung von Langen Saiten bis zu \u00fcber 100 Metern L\u00e4nge wurden erstmals ab 1993 von Renate Hoffleit und Michael Bach Bachtischa entwickelt. Hier kommt die Longitudinalschwingung der Langen Saiten zum Klingen, eine Schwingungsform, wie sie bei herk\u00f6mmlichen Instrumenten kaum eine Rolle spielt. Die Frequenz der Longitudinalschwingung ist grunds\u00e4tzlich unabh\u00e4ngig von Spannung und Saitendurchmesser. Diess bedeutet, da\u00df die Frequenz der Langen Saite in einem umgekehrt \u00a0proportionalen Verh\u00e4ltnis zu ihrer L\u00e4nge steht. Als <span style=\"font-family: arial, helvetica, sans-serif;\">Beispiel: Eine halb so lange Saite hat die doppelte Frequenz.<\/span><\/span><\/span><\/p>\n<p><span style=\"font-family: arial, helvetica, sans-serif; font-size: 16px;\">Basierend auf diesem Prinzip lassen sich nun spezifische Charakteristiken eines Innenraums, eines Gel\u00e4ndes oder einer Landschaft akustisch definieren. Die Orte der Saiteninstallationen ergeben somit einen Klangvorrat, der als ein genuines Tonsystem \u00a0aufgefa\u00dft werden kann. Diese akustischen Besonderheiten eines Ortes, die nicht auf seinen Echowirkungen und seinem Nachhall sondern auf seinen Distanzen beruhen, bilden im \u00fcbertragenen Sinn den akustischen \u201eFingerabdruck&#8220; einer Saiteninstallation.<\/span><\/p>\n<p><span style=\"font-family: arial, helvetica, sans-serif; font-size: 16px;\"><span class=\"ff1 cf0 fs24\">Die Langen Saiten selbst erklingen nicht in einer h\u00f6rbaren Lautst\u00e4rke, aber sie geben ihre Energie an Resonatoren ab, die an ihren Enden befestigt sind. Deshalb kann eine Saiteninstallation auch derart angelegt sein, da\u00df sich ein Renonator nur an einem Ende einer Saite befindet. In diesem \u00a0Falle ist es m\u00f6glich, da\u00df die Zuh\u00f6rer oder Spieler, den Klang einer Saite aus der Ferne wahrnehmen, z. B. wenn sich Spieler und Publikum am Ufer eines Sees befinden und die Langen Saiten auf eine Insel in dessen Mitte zulaufen, wo sich der solit\u00e4re Resonator befindet.<br \/>\n<\/span><span class=\"ff1 cf0 fs24\"><br \/>\nJahrzehntelange Erfahrung haben nicht nur zur Perfektionierung der Resonatoren gef\u00fchrt sondern auch zur Herausbildung von unterschiedlichen Spieltechniken der Langen Saiten, die mit einkolophonierten Fingern gerieben werden. Befindet sich die Saiteninstallation im Au\u00dfenbereich, so wurde auch f\u00fcr Regensituationen eine Spielm\u00f6glichkeit perfektioniert.<\/span><\/span><\/p>\n<p><span style=\"font-family: arial, helvetica, sans-serif; font-size: 16px;\">Ein weiteres Klangph\u00e4nomen sind \u201estehende Kl\u00e4nge&#8220; der Langen Saiten. Diese werden durch Wind, \u00e4hnlich wie bei einer Windharfe, produziert. Sie k\u00f6nnen bei g\u00fcnstigen Konditionen, die Windst\u00e4rke, &#8211;<wbr \/>winkel, Saitendicke und &#8211;<wbr \/>spannung betreffend, extrem laut werden. Dabei changiert das Obertonspektrum langsam, aber best\u00e4ndig. Leisere Kl\u00e4nge infolge der Einwirkung von Natur-<wbr \/> oder Umweltger\u00e4uschen auf die Langen Saiten k\u00f6nnen mittels Kontaktmikrophonen ebenfalls abgenommen und wiedergegeben werden.<\/span><\/p>\n<p><span style=\"font-size: 16px;\"><span class=\"ff1 cf0 fs24\" style=\"font-family: arial, helvetica, sans-serif;\">Die visuelle Komponente einer Saiteninstallation spielt eine gleichwertige Rolle. Es entstehen Sichtlinien infolge der im Licht glitzernden Langen Saiten. Da die Saiten sehr d\u00fcnn sind (0,3-<wbr \/> 0,5 mm), haben sie ein geringes Gewicht, so da\u00df sie selbst bei gro\u00dfen Entfernungen kaum sichtbar durchh\u00e4ngen. Der Ort der Saiteninstallation wird auf diese Weise verma\u00dft und in seinen drei Dimensionen visuell verdeutlicht und interpretiert. Das Auge des Betrachters folgt diesen Saitenlinien zu einem Objekt und ggf. dar\u00fcber hinaus in die Landschaft oder Architektur. Saitenspieler bewegen sich an den Langen Saiten entlang und durchschreiten den Raum. Visuelle und akustische Eindr\u00fccke durchmischen und erg\u00e4nzen sich zu einem ganzheitlichen Erlebnis, das, da Saiteninstallationen Kreationen <\/span><span class=\"cf4 ff1 fs24\"><span class=\"ff1 cf0 fs24\"><span style=\"font-family: arial, helvetica, sans-serif;\">auf Zeit sind, im Ged\u00e4chtnis der Menschen mit dem Auff\u00fchrungsort verbunden bleibt.<\/span> <\/span><\/span><\/span><\/p>\n<p><span style=\"font-family: arial, helvetica, sans-serif; font-size: 16px;\"><span class=\"cf0 ff1 fs24\">Von diesen charakteristischen Gegebenheiten ausgehend, entstehen in aller Regel Kompositionen, die diese akustische und r\u00e4umliche Situation mittels einer Performance mit Saitenspielern ausloten.<\/span><\/span><\/p>\n<p>&nbsp;<\/p>\n<p style=\"padding-left: 40px;\"><span style=\"font-family: arial, helvetica, sans-serif; font-size: 14px;\">Weitere Information:<\/span><br \/>\n<a href=\"https:\/\/de.wikipedia.org\/wiki\/Saiteninstallation\" target=\"_blank\" rel=\"noopener noreferrer\"><span style=\"font-family: arial, helvetica, sans-serif; font-size: 14px;\">https:\/\/de.wikipedia.org\/wiki\/Saiteninstallation<\/span><\/a><br \/>\n<span style=\"font-family: arial, helvetica, sans-serif; font-size: 16px;\"><span style=\"font-size: 14px;\"><a href=\"https:\/\/www.bach-bogen.de\/blog\/thecelloupgrade\/renate-hoffleit-michael-bach-bachtischa-genius-loci-concertante\/\" target=\"_blank\" rel=\"noopener noreferrer\">Physikalische Eigenschaften von Langen Saiten<\/a><\/span><\/span><\/p>\n<p>&nbsp;<\/p>\n","protected":false},"excerpt":{"rendered":"<p>Foto: Burgfeld Saiteninstallationen in dieser Gr\u00f6\u00dfenordnung von Langen Saiten bis zu \u00fcber 100 Metern L\u00e4nge wurden erstmals ab 1993 von Renate Hoffleit und Michael Bach Bachtischa entwickelt. Hier kommt die Longitudinalschwingung der Langen Saiten zum Klingen, eine Schwingungsform, wie sie bei herk\u00f6mmlichen Instrumenten kaum eine Rolle spielt. Die Frequenz der Longitudinalschwingung ist grunds\u00e4tzlich unabh\u00e4ngig von &hellip; <\/p>\n<p class=\"link-more\"><a href=\"http:\/\/michael-bach-bachtischa.de\/sound\/grundlagen-der-saiteninstallation\/\" class=\"more-link\"><span class=\"screen-reader-text\">\u201eGrundlagen der Saiteninstallation\u201c<\/span> weiterlesen<\/a><\/p>\n","protected":false},"author":1,"featured_media":0,"parent":0,"menu_order":0,"comment_status":"closed","ping_status":"closed","template":"","meta":{"footnotes":""},"class_list":["post-52","page","type-page","status-publish","hentry","entry"],"_links":{"self":[{"href":"http:\/\/michael-bach-bachtischa.de\/sound\/wp-json\/wp\/v2\/pages\/52","targetHints":{"allow":["GET"]}}],"collection":[{"href":"http:\/\/michael-bach-bachtischa.de\/sound\/wp-json\/wp\/v2\/pages"}],"about":[{"href":"http:\/\/michael-bach-bachtischa.de\/sound\/wp-json\/wp\/v2\/types\/page"}],"author":[{"embeddable":true,"href":"http:\/\/michael-bach-bachtischa.de\/sound\/wp-json\/wp\/v2\/users\/1"}],"replies":[{"embeddable":true,"href":"http:\/\/michael-bach-bachtischa.de\/sound\/wp-json\/wp\/v2\/comments?post=52"}],"version-history":[{"count":0,"href":"http:\/\/michael-bach-bachtischa.de\/sound\/wp-json\/wp\/v2\/pages\/52\/revisions"}],"wp:attachment":[{"href":"http:\/\/michael-bach-bachtischa.de\/sound\/wp-json\/wp\/v2\/media?parent=52"}],"curies":[{"name":"wp","href":"https:\/\/api.w.org\/{rel}","templated":true}]}}