{"id":16,"date":"2019-03-15T16:47:43","date_gmt":"2019-03-15T15:47:43","guid":{"rendered":"http:\/\/michael-bach-bachtischa.de\/sound\/?page_id=16"},"modified":"2019-06-04T16:21:47","modified_gmt":"2019-06-04T14:21:47","slug":"contents","status":"publish","type":"page","link":"http:\/\/michael-bach-bachtischa.de\/sound\/","title":{"rendered":"contents"},"content":{"rendered":"\r\n<p><img loading=\"lazy\" decoding=\"async\" class=\"alignnone wp-image-5 size-large\" src=\"http:\/\/michael-bach-bachtischa.de\/sound\/wp-content\/uploads\/2019\/03\/Saitenhand-Kassel-C--767x1024.jpg\" alt=\"\" width=\"640\" height=\"854\" srcset=\"http:\/\/michael-bach-bachtischa.de\/sound\/wp-content\/uploads\/2019\/03\/Saitenhand-Kassel-C--767x1024.jpg 767w, http:\/\/michael-bach-bachtischa.de\/sound\/wp-content\/uploads\/2019\/03\/Saitenhand-Kassel-C--225x300.jpg 225w, http:\/\/michael-bach-bachtischa.de\/sound\/wp-content\/uploads\/2019\/03\/Saitenhand-Kassel-C--768x1025.jpg 768w, http:\/\/michael-bach-bachtischa.de\/sound\/wp-content\/uploads\/2019\/03\/Saitenhand-Kassel-C-.jpg 1150w\" sizes=\"auto, (max-width: 640px) 100vw, 640px\" \/><\/p>\r\n<ul>\r\n<li><span style=\"font-family: arial, helvetica, sans-serif; font-size: 16px;\">Renate Hoffleit \u2013 Michael Bach Bachtischa<\/span><br \/><span style=\"font-family: arial, helvetica, sans-serif;\"><span style=\"font-size: 20px;\"><em>genius loci geh\u00f6rt<\/em><\/span><br \/><span style=\"font-size: 16px;\">\u00a0\u00a0 <a href=\"https:\/\/www.bach-bogen.de\/blog\/thecelloupgrade\/renate-hoffleit-michael-bach-bachtischa-genius-loci-gehort\" target=\"_blank\" rel=\"noopener noreferrer\">Projektbeschreibung Saiteninstallation<\/a><\/span><\/span><\/li>\r\n<li><span style=\"font-family: arial, helvetica, sans-serif; font-size: 16px;\">Renate Hoffleit \u2013 Michael Bach Bachtischa<\/span><br \/><span style=\"font-family: arial, helvetica, sans-serif;\"><span style=\"font-size: 20px;\"><em>genius loci concertante<\/em> und<em> locus amoenus <\/em>f\u00fcr Cello mit Rundbogen<\/span><br \/>\u00a0\u00a0<span style=\"font-size: 16px;\"> <a href=\"https:\/\/www.bach-bogen.de\/blog\/thecelloupgrade\/renate-hoffleit-michael-bach-bachtischa-genius-loci-concertante\" target=\"_blank\" rel=\"noopener noreferrer\">Projektbeschreibung Saiteninstallation und Komposition<\/a><br \/><br \/><\/span><\/span><\/li>\r\n<li><span style=\"font-family: arial, helvetica, sans-serif; font-size: 16px;\">Renate Hoffleit und Michael Bach Bachtischa<\/span><br \/><span style=\"font-family: arial, helvetica, sans-serif;\"><span style=\"font-size: 20px;\"><em>(zwischen e und f)\u00b2<\/em><\/span><br \/><span style=\"font-size: 16px;\">\u00a0\u00a0 <a href=\"https:\/\/www.bach-bogen.de\/blog\/thecelloupgrade\/zwischen-e-und-f\" target=\"_blank\" rel=\"noopener noreferrer\">Projektbeschreibung Saiteninstallation und Komposition<\/a><br \/><br \/><\/span><\/span><\/li>\r\n<li><span style=\"font-family: arial, helvetica, sans-serif;\"><span style=\"font-size: 20px;\"><span style=\"font-size: 16px;\">Michael Bach Bachtischa<\/span><br \/><em>273\u2033 f\u00fcr Dieter Schnebel<\/em> (2018)<\/span><br \/><span style=\"font-size: 20px;\"><span style=\"font-size: 16px;\">Renate Hoffleit<\/span><br \/><em>Seven Strings<\/em> (2018)<\/span><br \/><span style=\"font-size: 16px;\">\u00a0\u00a0 <a href=\"https:\/\/youtu.be\/RlcRWWgCkSI\" target=\"_blank\" rel=\"noopener noreferrer\">VBKW Stuttgart Vernissage Konzert am 14. September 2018 | YouTube, Dauer 10:30<\/a><br \/><br \/><\/span><\/span><\/li>\r\n<li><span style=\"font-family: arial, helvetica, sans-serif;\"><span style=\"font-size: 20px;\"><span style=\"font-size: 16px;\">Michael Bach Bachtischa<\/span><br \/><em>HOW TO SPELL 273&#8243;<br \/><\/em><\/span> <span style=\"font-size: 16px;\">\u00a0\u00a0 &#8211; for John Cage and Dieter Schnebel &#8211;<\/span><\/span><br \/><span style=\"font-family: arial, helvetica, sans-serif;\">\u00a0 <a href=\"https:\/\/youtu.be\/Y64Vwg7eQjQ\" target=\"_blank\" rel=\"noopener noreferrer\"><span style=\"font-size: 16px;\">Video | YouTube, Dauer 5:13<\/span><\/a><\/span><br \/><br \/><\/li>\r\n<li><span style=\"font-family: arial, helvetica, sans-serif;\"><span style=\"font-size: 16px;\">Renate Hoffleit &#8211; Michael Bach Bachtischa<\/span><em><br \/><span style=\"font-size: 20px;\">IM KLANGSTROM.<\/span><br \/><\/em><span style=\"font-size: 20px;\"><em>BURG \/ STADT \/ BURG.<br \/><\/em><em>ULMER VERTONUNGEN.<\/em><\/span><em><br \/><\/em><span style=\"font-size: 16px;\">\u00a0\u00a0 07. &#8211; 09. Dezember 2018 im Ulmer M\u00fcnster und auf der Wilhelmsburg<em><br \/><\/em>\u00a0\u00a0 <a href=\"https:\/\/youtu.be\/jOiVS9trbKM\" target=\"_blank\" rel=\"noopener noreferrer\">Video-Einf\u00fchrung | YouTube, Dauer 6:18<\/a><\/span><em><br \/><\/em><\/span><\/li>\r\n<li><span style=\"font-family: arial, helvetica, sans-serif;\"><span style=\"font-size: 16px;\">Renate Hoffleit und Michael Bach Bachtischa<\/span><em><br \/><span style=\"font-size: 20px;\">IM KLANGSTROM.<\/span><br \/><\/em><span style=\"font-size: 20px;\"><em>BURG \/ STADT \/ BURG.<br \/><\/em><\/span><em><span style=\"font-size: 20px;\">ULMER VERTONUNGEN.<\/span><br \/><\/em><span style=\"font-size: 16px;\">\u00a0\u00a0 07. &#8211; 09. Dezember 2018 im Ulmer M\u00fcnster und auf der Wilhelmsburg<em><br \/><\/em>\u00a0\u00a0 <a href=\"https:\/\/youtu.be\/UbuGKdxmy_U\" target=\"_blank\" rel=\"noopener noreferrer\">Video-Dokumentation | YouTube, Dauer 14:55<\/a><br \/><\/span><\/span><\/li>\r\n<li>\r\n<p><span style=\"font-family: arial, helvetica, sans-serif;\"><span style=\"font-size: 16px;\">Renate Hoffleit und Michael Bach Bachtischa<\/span><em><br \/><span style=\"font-size: 20px;\">ULM IN STUTTGART<\/span><\/em><em><br \/><\/em><span style=\"font-size: 16px;\">\u00a0\u00a0 Pr\u00e4sentation w\u00e4hrend der Langen Nacht der Museen in Stuttgart am 23. M\u00e4rz 2019<\/span><\/span><br \/><span style=\"font-family: arial, helvetica, sans-serif;\"><span style=\"font-size: 16px;\">\u00a0\u00a0 <a href=\"https:\/\/youtu.be\/8UFJ2vSicYQ\" target=\"_blank\" rel=\"noopener noreferrer\">Video-Dokumentation | YouTube, Dauer 15:00<\/a><\/span><\/span><br \/><br \/><\/p>\r\n<span style=\"font-family: arial, helvetica, sans-serif;\">\r\n\r\n\r\n\r\n\r\n\r\n<\/span><\/li>\r\n<li><span style=\"font-family: arial, helvetica, sans-serif; font-size: 16px;\">Renate Hoffleit und Michael Bach Bachtischa<\/span><br \/><em><span style=\"font-family: arial, helvetica, sans-serif; font-size: 20px;\">5 Minutes of Images and Sounds<br \/><\/span><\/em><span style=\"font-family: arial, helvetica, sans-serif; font-size: 16px;\">excerpts of<\/span><br \/>\r\n<p><span style=\"font-size: 16px; font-family: arial, helvetica, sans-serif;\">genius loci geh\u00f6rt<\/span><br \/><span style=\"font-size: 16px; font-family: arial, helvetica, sans-serif;\">genius loci concertante<br \/><\/span><span style=\"font-size: 16px; font-family: arial, helvetica, sans-serif;\">Performance KUNSTBEZIRK Stuttgart<br \/><\/span><span style=\"font-size: 16px; font-family: arial, helvetica, sans-serif;\">(zwischen e und f)\u00b2<br \/><\/span><span style=\"font-size: 16px; font-family: arial, helvetica, sans-serif;\">IM KLANGSTROM | Renate Hoffleit &#8211; Michael Bach Bachtischa &#8211; <\/span><span style=\"font-size: 16px; font-family: arial, helvetica, sans-serif;\">Info Trailer<br \/><\/span><span style=\"font-size: 16px; font-family: arial, helvetica, sans-serif;\">IM KLANGSTROM Ulm &#8211; <\/span><span style=\"font-size: 16px; font-family: arial, helvetica, sans-serif;\">Documentation<br \/><\/span><span style=\"font-size: 16px; font-family: arial, helvetica, sans-serif;\">ULM IN STUTTGART &#8211; <\/span><span style=\"font-size: 16px; font-family: arial, helvetica, sans-serif;\">Presentation Atelier . Hoffleit . Bach<\/span><\/p>\r\n<p><span style=\"font-family: arial, helvetica, sans-serif; font-size: 16px;\">\u00a0\u00a0 <a href=\"https:\/\/youtu.be\/nJCGsm1ykNA\" target=\"_blank\" rel=\"noopener noreferrer\">Video | YouTube, Dauer 5:00<\/a><\/span><\/p>\r\n<\/li>\r\n<\/ul>\r\n<hr \/>\r\n<p><a href=\"http:\/\/michael-bach-bachtischa.de\/sound\/saiteninstallationen-klanginstallationen-1993-2011\/\" target=\"_blank\" rel=\"noopener noreferrer\"><span style=\"font-family: arial, helvetica, sans-serif;\">Saiteninstallationen | Klanginstallationen 1993 &#8211; 2011<\/span><\/a><\/p>\r\n<p><a href=\"http:\/\/michael-bach-bachtischa.de\/sound\/grundlagen-der-saiteninstallation\/\"><span style=\"font-family: arial, helvetica, sans-serif;\">Grundlagen der Saiteninstallation<\/span><\/a><\/p>\r\n<p>&nbsp;<\/p>\r\n\r\n\r\n\r\n\r\n","protected":false},"excerpt":{"rendered":"<p>Renate Hoffleit \u2013 Michael Bach Bachtischagenius loci geh\u00f6rt\u00a0\u00a0 Projektbeschreibung Saiteninstallation Renate Hoffleit \u2013 Michael Bach Bachtischagenius loci concertante und locus amoenus f\u00fcr Cello mit Rundbogen\u00a0\u00a0 Projektbeschreibung Saiteninstallation und Komposition Renate Hoffleit und Michael Bach Bachtischa(zwischen e und f)\u00b2\u00a0\u00a0 Projektbeschreibung Saiteninstallation und Komposition Michael Bach Bachtischa273\u2033 f\u00fcr Dieter Schnebel (2018)Renate HoffleitSeven Strings (2018)\u00a0\u00a0 VBKW Stuttgart Vernissage &hellip; <\/p>\n<p class=\"link-more\"><a href=\"http:\/\/michael-bach-bachtischa.de\/sound\/\" class=\"more-link\"><span class=\"screen-reader-text\">\u201econtents\u201c<\/span> weiterlesen<\/a><\/p>\n","protected":false},"author":1,"featured_media":0,"parent":0,"menu_order":0,"comment_status":"closed","ping_status":"closed","template":"","meta":{"footnotes":""},"class_list":["post-16","page","type-page","status-publish","hentry","entry"],"_links":{"self":[{"href":"http:\/\/michael-bach-bachtischa.de\/sound\/wp-json\/wp\/v2\/pages\/16","targetHints":{"allow":["GET"]}}],"collection":[{"href":"http:\/\/michael-bach-bachtischa.de\/sound\/wp-json\/wp\/v2\/pages"}],"about":[{"href":"http:\/\/michael-bach-bachtischa.de\/sound\/wp-json\/wp\/v2\/types\/page"}],"author":[{"embeddable":true,"href":"http:\/\/michael-bach-bachtischa.de\/sound\/wp-json\/wp\/v2\/users\/1"}],"replies":[{"embeddable":true,"href":"http:\/\/michael-bach-bachtischa.de\/sound\/wp-json\/wp\/v2\/comments?post=16"}],"version-history":[{"count":0,"href":"http:\/\/michael-bach-bachtischa.de\/sound\/wp-json\/wp\/v2\/pages\/16\/revisions"}],"wp:attachment":[{"href":"http:\/\/michael-bach-bachtischa.de\/sound\/wp-json\/wp\/v2\/media?parent=16"}],"curies":[{"name":"wp","href":"https:\/\/api.w.org\/{rel}","templated":true}]}}