{"id":107,"date":"2019-04-03T19:03:12","date_gmt":"2019-04-03T17:03:12","guid":{"rendered":"http:\/\/michael-bach-bachtischa.de\/sound\/?page_id=107"},"modified":"2019-04-03T19:03:12","modified_gmt":"2019-04-03T17:03:12","slug":"saiteninstallationen-klanginstallationen-1993-2011","status":"publish","type":"page","link":"http:\/\/michael-bach-bachtischa.de\/sound\/saiteninstallationen-klanginstallationen-1993-2011\/","title":{"rendered":"Saiteninstallationen | Klanginstallationen 1993-2011"},"content":{"rendered":"<div>\n<div>\n<p><span style=\"font-family: arial, helvetica, sans-serif;\"><img loading=\"lazy\" decoding=\"async\" class=\"alignnone size-full wp-image-75\" src=\"http:\/\/michael-bach-bachtischa.de\/sound\/wp-content\/uploads\/2019\/04\/Donaueschingen_1994.gif\" alt=\"\" width=\"250\" height=\"117\" \/><\/span><br \/>\n<span style=\"font-family: arial, helvetica, sans-serif; font-size: 16px;\"><span class=\"ff3 cf0 fs24\"><b>Donaueschinger Musiktage\u00a0<\/b><\/span><span class=\"ff4 cf0 fs24\"><br \/>\n<\/span><span class=\"cf4 ff3 fs24\"><b><i>ONE8 and 15 STRINGS<br \/>\n<\/i><\/b><\/span><span class=\"ff4 cf0 fs24\"><a class=\"imCssLink\" href=\"http:\/\/de.youtube.com\/watch?v=xvnSasKRydc\" target=\"_blank\" rel=\"noopener noreferrer\">video | YouTube | 2:40<\/a><br \/>\n<\/span>.<\/span><\/p>\n<\/div>\n<\/div>\n<p><span style=\"font-family: arial, helvetica, sans-serif; font-size: 16px;\"><img loading=\"lazy\" decoding=\"async\" class=\"alignnone size-full wp-image-76\" src=\"http:\/\/michael-bach-bachtischa.de\/sound\/wp-content\/uploads\/2019\/04\/Monrepos.gif\" alt=\"\" width=\"250\" height=\"117\" \/><\/span><br \/>\n<span style=\"font-family: arial, helvetica, sans-serif; font-size: 16px;\"><span class=\"ff3 cf0 fs24\"><b>Schlo\u00df Monrepos, Ludwigsburg\u00a0<\/b><\/span><span class=\"ff4 cf0 fs24\"><br \/>\n<\/span><span class=\"cf4 ff3 fs24\"><b><i>NOTREPOS<\/i><\/b><\/span><span class=\"cf0 ff2 fs24\"><br \/>\n<\/span>.<\/span><\/p>\n<p><span style=\"font-family: arial, helvetica, sans-serif; font-size: 16px;\"><img loading=\"lazy\" decoding=\"async\" class=\"alignnone size-full wp-image-79\" src=\"http:\/\/michael-bach-bachtischa.de\/sound\/wp-content\/uploads\/2019\/04\/Corryntawy.jpg\" alt=\"\" width=\"250\" height=\"117\" \/><\/span><br \/>\n<span style=\"font-family: arial, helvetica, sans-serif; font-size: 16px;\"><span class=\"ff3 cf0 fs24\"><b>Achill Island, Irland\u00a0<\/b><\/span><span class=\"ff4 cf0 fs24\"><br \/>\n<\/span><span class=\"cf4 ff3 fs24\"><b><i>CORRYNTAWY STRING<br \/>\n<\/i><\/b><\/span>.<\/span><\/p>\n<p><span style=\"font-family: arial, helvetica, sans-serif; font-size: 16px;\"><img loading=\"lazy\" decoding=\"async\" class=\"alignnone size-full wp-image-78\" src=\"http:\/\/michael-bach-bachtischa.de\/sound\/wp-content\/uploads\/2019\/04\/Achill.gif\" alt=\"\" width=\"250\" height=\"117\" \/><\/span><br \/>\n<span style=\"font-family: arial, helvetica, sans-serif; font-size: 16px;\"><span class=\"ff3 cf0 fs24\"><b>Deserted Village, Achill Island, Irland<\/b><\/span><span class=\"ff4 cf0 fs24\"><br \/>\n<\/span><span class=\"cf4 ff3 fs24\"><b><i>ACHILL Strings<\/i><\/b><\/span><span class=\"ff4 cf0 fs24\"><br \/>\n<a class=\"imCssLink\" href=\"http:\/\/de.youtube.com\/watch?v=3Z1z2WukwJw\" target=\"_blank\" rel=\"noopener noreferrer\">video | YouTube | 3:11<\/a><br \/>\n.<\/span><\/span><\/p>\n<p><span style=\"font-family: arial, helvetica, sans-serif; font-size: 16px;\"><img loading=\"lazy\" decoding=\"async\" class=\"alignnone size-full wp-image-80\" src=\"http:\/\/michael-bach-bachtischa.de\/sound\/wp-content\/uploads\/2019\/04\/Rotebuhl.gif\" alt=\"\" width=\"250\" height=\"117\" \/><\/span><br \/>\n<span style=\"font-family: arial, helvetica, sans-serif; font-size: 16px;\"><span class=\"ff3 cf0 fs24\"><b>TREFFPUNKT Roteb\u00fchlplatz, Stuttgart<\/b><\/span><span class=\"ff4 cf0 fs24\"><br \/>\n<\/span><span class=\"cf4 ff3 fs24\"><b><i>TRAFFIC, TUBES and Soloists<\/i><\/b><\/span><span class=\"cf0 ff2 fs24\"><br \/>\n<\/span>.<\/span><\/p>\n<p><span style=\"font-family: arial, helvetica, sans-serif; font-size: 16px;\"><img loading=\"lazy\" decoding=\"async\" class=\"alignnone size-full wp-image-81\" src=\"http:\/\/michael-bach-bachtischa.de\/sound\/wp-content\/uploads\/2019\/04\/Kaukab.gif\" alt=\"\" width=\"250\" height=\"117\" \/><\/span><br \/>\n<span style=\"font-family: arial, helvetica, sans-serif; font-size: 16px;\"><span class=\"ff3 cf0 fs24\"><b>Misgav Festival, Israel<\/b><\/span><span class=\"ff4 cf0 fs24\"><br \/>\n<\/span><span class=\"cf4 ff3 fs24\"><b><i>STRINGS of KAUKAB Spring<\/i><\/b><\/span><span class=\"ff4 cf0 fs24\"><br \/>\n<a class=\"imCssLink\" href=\"http:\/\/de.youtube.com\/watch?v=44YeM5FbkAA\" target=\"_blank\" rel=\"noopener noreferrer\">video | YouTube | 2:15<\/a><br \/>\n.<\/span><\/span><\/p>\n<p><span style=\"font-family: arial, helvetica, sans-serif; font-size: 16px;\"><img loading=\"lazy\" decoding=\"async\" class=\"alignnone size-full wp-image-82\" src=\"http:\/\/michael-bach-bachtischa.de\/sound\/wp-content\/uploads\/2019\/04\/Efeu-Klange.gif\" alt=\"\" width=\"250\" height=\"117\" \/><\/span><br \/>\n<span style=\"font-family: arial, helvetica, sans-serif; font-size: 16px;\"><span class=\"ff4 cf0 fs24\"><b>Stadtgalerie Saarbr\u00fccken\u00a0<\/b><\/span><span class=\"ff5 cf0 fs24\"><br \/>\n<\/span><span class=\"cf4 ff4 fs24\"><b><i>EFEU-<wbr \/>Kl\u00e4nge<br \/>\n<\/i><\/b><\/span>.<\/span><\/p>\n<p><span style=\"font-family: arial, helvetica, sans-serif; font-size: 16px;\"><img loading=\"lazy\" decoding=\"async\" class=\"alignnone size-full wp-image-83\" src=\"http:\/\/michael-bach-bachtischa.de\/sound\/wp-content\/uploads\/2019\/04\/Skulpturenfeld.gif\" alt=\"\" width=\"250\" height=\"117\" \/><\/span><br \/>\n<span style=\"font-family: arial, helvetica, sans-serif; font-size: 16px;\"><span class=\"ff5 cf0 fs24\"><b>Skulpturenfeld im Amtsgericht Stuttgart\u00a0<\/b><\/span><span class=\"ff6 cf0 fs24\"><br \/>\n<\/span><span class=\"cf4 ff5 fs24\"><b><i>&#8230;die Leere zwischen den Steinen klingt&#8230;<br \/>\n<\/i><\/b><\/span>.<\/span><\/p>\n<p><span style=\"font-family: arial, helvetica, sans-serif; font-size: 16px;\"><img loading=\"lazy\" decoding=\"async\" class=\"alignnone size-full wp-image-84\" src=\"http:\/\/michael-bach-bachtischa.de\/sound\/wp-content\/uploads\/2019\/04\/Murbach.gif\" alt=\"\" width=\"250\" height=\"117\" \/><\/span><br \/>\n<span style=\"font-family: arial, helvetica, sans-serif; font-size: 16px;\"><span class=\"ff3 cf0 fs24\"><b>Festival Printemps Rh\u00e9nan<br \/>\n<\/b><\/span><span class=\"ff4 cf0 fs24\">Murbach, Guebwiller, Alsace<br \/>\n<\/span><span class=\"ff3 cf4 fs24\"><b><i>Le chien noir<\/i><\/b><\/span><span class=\"ff4 cf0 fs24\"><br \/>\n<\/span><span class=\"ff4 cf0 fs24\"><a class=\"imCssLink\" href=\"http:\/\/de.youtube.com\/watch?v=wAOgFMSYMv8\" target=\"_blank\" rel=\"noopener noreferrer\">video | YouTube | 4:31<\/a><br \/>\n.<\/span><\/span><\/p>\n<p><span style=\"font-family: arial, helvetica, sans-serif; font-size: 16px;\"><img loading=\"lazy\" decoding=\"async\" class=\"alignnone size-full wp-image-85\" src=\"http:\/\/michael-bach-bachtischa.de\/sound\/wp-content\/uploads\/2019\/04\/Kapfenburg.gif\" alt=\"\" width=\"250\" height=\"117\" \/><\/span><br \/>\n<span style=\"font-family: arial, helvetica, sans-serif; font-size: 16px;\"><span class=\"ff3 cf0 fs24\"><b>Internationale Musikschulakademie Schloss Kapfenburg<br \/>\n<\/b><\/span><span class=\"ff4 cf0 fs24\">Er\u00f6ffnungsveranstaltung<br \/>\n<\/span><span class=\"cf4 ff3 fs24\"><b><i>Schloss Kapfenburg besaitet&#8230;<\/i><\/b><\/span><span class=\"ff4 cf0 fs24\"><br \/>\n<a class=\"imCssLink\" href=\"http:\/\/de.youtube.com\/watch?v=mOSgzWfiWDY\" target=\"_blank\" rel=\"noopener noreferrer\">video | YouTube | 4:00<\/a><\/span><\/span><\/p>\n<div>\n<div><\/div>\n<\/div>\n<div><span style=\"font-family: arial, helvetica, sans-serif; font-size: 16px;\"><b><i><\/i><\/b><span class=\"cf0 ff2 fs24\">04.03.2002 &#8211;<wbr \/>\u00a0Von deimling, KIZ<\/span>(nmz\/kiz) &#8211;<wbr \/> Mit bis zu 80m langen Saiten den Guinness-<wbr \/>Rekord erreicht Allein die Entwicklung von einer mittelalterlichen Burganlage zur Internationalen Musikschulakademie-<wbr \/> Kulturzentrum Schloss Kapfenburg ist rekordverd\u00e4chtig &#8211;<wbr \/> doch damit nicht genug: Anl\u00e4sslich der Einweihung der Internationalen Musikschulakademie Kulturzentrum Schloss Kapfenburg sowie des ersten Festivals Schloss Kapfenburg im Sommer 2000 inszenierten die beiden K\u00fcnstler Renate Hoffleit und Michael Bach Bachtischa ein einmaliges Saitenklang-<wbr \/>\u00a0Spektakel und verwandelten Schloss Kapfenburg damit in das gr\u00f6\u00dfte Musikinstrument der Welt. &#8211;<wbr \/> Dies ist nun auch urkundlich durch Guiness best\u00e4tigt! Dass Schloss Kapfenburg schon so manches Instrument gesehen hat, versteht sich von alleine. Doch dass es selbst als gr\u00f6\u00dftes Musikinstrument der Welt in die Geschichte eingehen wird, \u00fcbertrifft nat\u00fcrlich alles.<\/span><br \/>\n<span style=\"font-family: arial, helvetica, sans-serif; font-size: 16px;\">Bereits Wochen vor den Einweihungsfeierlichkeiten der Internationalen \u00a0Musikschulakademie wurden bis zu 80m lange Klaviersaiten an der gesamten Schlossanlage und bis unter den Dachstuhl installiert. Die Dimensionen des Geb\u00e4udes bestimmten somit die Tonh\u00f6he und Klangfarbe. Ein riesiger Klangk\u00f6rper entstand, der von 90 jungen Musiksch\u00fclern aus Ungarn und Baden &#8211;<wbr \/>\u00a0W\u00fcrttemberg teils rein akustisch, teils unter Einsatz von Mikrofon-<wbr \/> und Verst\u00e4rkereinheiten durch Streichen der Saiten zum Klingen gebracht wurde. Unter der Regie der beiden K\u00fcnstler Hoffleit und Bach Bachtischa kristallisierten sich &#8211;<wbr \/>\u00a0angelehnt an die r\u00e4umlichen Gegebenheiten sowie dem Einsatz und Zusammenspiel der jungen Musiker &#8211;<wbr \/> musikalische Kompositionen heraus. Die Aufnahme ins Guinness Buch der Rekorde unterstreicht nochmals den Erfolg dieses einmaligen und au\u00dfergew\u00f6hnlichen Projektes.<\/span><br \/>\n<span style=\"font-family: arial, helvetica, sans-serif; font-size: 16px;\"><a href=\"https:\/\/www.nmz.de\/kiz\/nachrichten\/schloss-kapfenburg-als-groesstes-musikinstrument-der-welt\" target=\"_blank\" rel=\"noopener noreferrer\">https:\/\/www.nmz.de\/kiz\/nachrichten\/schloss-kapfenburg-als-groesstes-musikinstrument-der-welt<\/a><\/span><\/div>\n<div><\/div>\n<div><\/div>\n<div><span style=\"font-family: arial, helvetica, sans-serif; font-size: 16px;\"><img loading=\"lazy\" decoding=\"async\" class=\"alignnone size-full wp-image-86\" src=\"http:\/\/michael-bach-bachtischa.de\/sound\/wp-content\/uploads\/2019\/04\/Donaueschingen_2000.gif\" alt=\"\" width=\"250\" height=\"117\" \/><\/span><br \/>\n<span style=\"font-family: arial, helvetica, sans-serif; font-size: 16px;\"><span class=\"ff4 cf0 fs24\"><span class=\"ff1 cf4 fs24\"><b>Donaueschinger Musiktage<\/b><\/span><span class=\"cf3 ff2 fs24\"><br \/>\n<\/span><span class=\"ff1 cf3 fs24\"><b><i>VERTONUNGEN<br \/>\n<\/i><\/b><i>au\u00dfen-<wbr \/>innen-<wbr \/>au\u00dfen<br \/>\n<\/i><\/span><\/span><span class=\"ff4 cf0 fs24\"><span class=\"ff2 cf3 fs24\"><a class=\"imCssLink\" href=\"http:\/\/www.youtube.com\/watch?v=5z4m71m-HBQ\" target=\"_blank\" rel=\"noopener noreferrer\">video | YouTube | 2:42<\/a><br \/>\n.<\/span><\/span><\/span><\/div>\n<div><\/div>\n<div><span style=\"font-family: arial, helvetica, sans-serif; font-size: 16px;\"><img loading=\"lazy\" decoding=\"async\" class=\"alignnone size-full wp-image-87\" src=\"http:\/\/michael-bach-bachtischa.de\/sound\/wp-content\/uploads\/2019\/04\/Fuchu.gif\" alt=\"\" width=\"250\" height=\"117\" \/><\/span><br \/>\n<span style=\"font-family: arial, helvetica, sans-serif; font-size: 16px;\"><span class=\"ff3 cf0 fs24\"><b>Fuchu Art Museum<br \/>\n<\/b><\/span><span class=\"ff4 cf0 fs24\">Fuchu City, Tokyo, Japan<br \/>\n<\/span><span class=\"cf4 ff3 fs24\"><b><i>Strings and Pillars<\/i><\/b><\/span><span class=\"ff4 cf0 fs24\"><br \/>\n<a class=\"imCssLink\" href=\"http:\/\/de.youtube.com\/watch?v=9S-HwFJVht8\" target=\"_blank\" rel=\"noopener noreferrer\">video | YouTube | 1:50<\/a><br \/>\n.<\/span><\/span><\/div>\n<div><\/div>\n<div><span style=\"font-family: arial, helvetica, sans-serif; font-size: 16px;\"><img loading=\"lazy\" decoding=\"async\" class=\"alignnone size-full wp-image-88\" src=\"http:\/\/michael-bach-bachtischa.de\/sound\/wp-content\/uploads\/2019\/04\/Biennale_Berlin.gif\" alt=\"\" width=\"250\" height=\"117\" \/><\/span><br \/>\n<span style=\"font-family: arial, helvetica, sans-serif; font-size: 16px;\"><span class=\"ff3 cf0 fs24\"><b>Musik-<wbr \/>Biennale Berlin<br \/>\n<\/b><\/span><span class=\"ff4 cf0 fs24\">Hamburger Bahnhof, Berlin<br \/>\n<\/span><span class=\"cf4 ff3 fs24\"><b><i>Jungfernfahrt<\/i><\/b><\/span><span class=\"ff4 cf0 fs24\"><br \/>\n<a class=\"imCssLink\" href=\"http:\/\/de.youtube.com\/watch?v=fZYnypIVeVE\" target=\"_blank\" rel=\"noopener noreferrer\">video | YouTube | 5:05<\/a><\/span><\/span><\/div>\n<div><\/div>\n<div><span style=\"font-family: arial, helvetica, sans-serif; font-size: 16px;\">.<\/span><\/div>\n<div><\/div>\n<div>\n<p><span style=\"font-family: arial, helvetica, sans-serif; font-size: 16px;\"><strong>tonale Kassel<\/strong><\/span><\/p>\n<p><span style=\"font-family: arial, helvetica, sans-serif; font-size: 16px;\"><em><strong>Habichtswald-Saiten<\/strong><\/em><\/span><\/p>\n<p><span style=\"font-family: arial, helvetica, sans-serif; font-size: 16px;\">video | YouTube<\/span><\/p>\n<\/div>\n<div>\n<div>\n<div>\n<hr \/>\n<\/div>\n<\/div>\n<\/div>\n<div>\n<div id=\"imCell_33\" class=\"imGrid[16, 16]\">\n<div id=\"imCellStyle_33\">\n<div id=\"imTextObject_33\">\n<div class=\"ff0 fs20\">\n<p><span class=\"ff2 fs24\" style=\"font-family: arial, helvetica, sans-serif; font-size: 16px;\">Die website von Renate Hoffleit verf\u00fcgt \u00fcber detaillierte Informationen zu den einzelnen Saiten-<wbr \/>\u00a0und Klanginstallationen:\u00a0<a class=\"imCssLink\" href=\"http:\/\/www.renate-hoffleit.de\/saiten-installation.html\" target=\"_blank\" rel=\"noopener noreferrer\">hier<\/a><\/span><\/p>\n<\/div>\n<\/div>\n<\/div>\n<\/div>\n<\/div>\n","protected":false},"excerpt":{"rendered":"<p>Donaueschinger Musiktage\u00a0 ONE8 and 15 STRINGS video | YouTube | 2:40 . Schlo\u00df Monrepos, Ludwigsburg\u00a0 NOTREPOS . Achill Island, Irland\u00a0 CORRYNTAWY STRING . Deserted Village, Achill Island, Irland ACHILL Strings video | YouTube | 3:11 . TREFFPUNKT Roteb\u00fchlplatz, Stuttgart TRAFFIC, TUBES and Soloists . Misgav Festival, Israel STRINGS of KAUKAB Spring video | YouTube | &hellip; <\/p>\n<p class=\"link-more\"><a href=\"http:\/\/michael-bach-bachtischa.de\/sound\/saiteninstallationen-klanginstallationen-1993-2011\/\" class=\"more-link\"><span class=\"screen-reader-text\">\u201eSaiteninstallationen | Klanginstallationen 1993-2011\u201c<\/span> weiterlesen<\/a><\/p>\n","protected":false},"author":1,"featured_media":0,"parent":0,"menu_order":0,"comment_status":"closed","ping_status":"closed","template":"","meta":{"footnotes":""},"class_list":["post-107","page","type-page","status-publish","hentry","entry"],"_links":{"self":[{"href":"http:\/\/michael-bach-bachtischa.de\/sound\/wp-json\/wp\/v2\/pages\/107","targetHints":{"allow":["GET"]}}],"collection":[{"href":"http:\/\/michael-bach-bachtischa.de\/sound\/wp-json\/wp\/v2\/pages"}],"about":[{"href":"http:\/\/michael-bach-bachtischa.de\/sound\/wp-json\/wp\/v2\/types\/page"}],"author":[{"embeddable":true,"href":"http:\/\/michael-bach-bachtischa.de\/sound\/wp-json\/wp\/v2\/users\/1"}],"replies":[{"embeddable":true,"href":"http:\/\/michael-bach-bachtischa.de\/sound\/wp-json\/wp\/v2\/comments?post=107"}],"version-history":[{"count":0,"href":"http:\/\/michael-bach-bachtischa.de\/sound\/wp-json\/wp\/v2\/pages\/107\/revisions"}],"wp:attachment":[{"href":"http:\/\/michael-bach-bachtischa.de\/sound\/wp-json\/wp\/v2\/media?parent=107"}],"curies":[{"name":"wp","href":"https:\/\/api.w.org\/{rel}","templated":true}]}}